{"id":14,"date":"2018-06-27T19:31:48","date_gmt":"2018-06-27T19:31:48","guid":{"rendered":"http:\/\/fv-aktivschule-erfurt.de\/?page_id=14"},"modified":"2018-06-27T20:22:47","modified_gmt":"2018-06-27T20:22:47","slug":"willkommen","status":"publish","type":"page","link":"https:\/\/fv-aktivschule-erfurt.de\/","title":{"rendered":"Willkommen"},"content":{"rendered":"<p>Herzlich Willkommen auf den Seiten des F\u00f6rdervereins der Aktiv-Schule Erfurt.<\/p>\n<p>Der im Jahr 2009 von Eltern gegr\u00fcndete F\u00f6rderverein der Aktiv-Schule Erfurt unterst\u00fctzt die Arbeit an der Schule sowohl finanziell mittels Spenden und Beitr\u00e4gen als auch durch aktives Einbringen in das Schulleben. Denn eine Schule selbst darf keine Spenden sammeln, um Projekte zu finanzieren, die \u00fcber den normalen \u201eEtat\u201c der Schule nicht m\u00f6glich w\u00e4ren. Der F\u00f6rderverein schlie\u00dft diese L\u00fccke, in dem er Spendengelder akquiriert, Sponsoren wirbt und bei verschiedenen Veranstaltungen Geld einnimmt. Dieses Geld wird ausschlie\u00dflich f\u00fcr Projekte eingesetzt, die f\u00fcr die Schule und das Schulleben von Nutzen sind.<\/p>\n","protected":false},"excerpt":{"rendered":"<p>Herzlich Willkommen auf den Seiten des F\u00f6rdervereins der Aktiv-Schule Erfurt. Der im Jahr 2009 von Eltern gegr\u00fcndete F\u00f6rderverein der Aktiv-Schule Erfurt unterst\u00fctzt die Arbeit an der Schule sowohl finanziell mittels Spenden und Beitr\u00e4gen als auch durch aktives Einbringen in das &hellip; <a href=\"https:\/\/fv-aktivschule-erfurt.de\/\">Weiterlesen <span class=\"meta-nav\">&rarr;<\/span><\/a><\/p>\n","protected":false},"author":3,"featured_media":0,"parent":0,"menu_order":0,"comment_status":"closed","ping_status":"closed","template":"","meta":{"footnotes":""},"class_list":["post-14","page","type-page","status-publish","hentry"],"_links":{"self":[{"href":"https:\/\/fv-aktivschule-erfurt.de\/index.php?rest_route=\/wp\/v2\/pages\/14","targetHints":{"allow":["GET"]}}],"collection":[{"href":"https:\/\/fv-aktivschule-erfurt.de\/index.php?rest_route=\/wp\/v2\/pages"}],"about":[{"href":"https:\/\/fv-aktivschule-erfurt.de\/index.php?rest_route=\/wp\/v2\/types\/page"}],"author":[{"embeddable":true,"href":"https:\/\/fv-aktivschule-erfurt.de\/index.php?rest_route=\/wp\/v2\/users\/3"}],"replies":[{"embeddable":true,"href":"https:\/\/fv-aktivschule-erfurt.de\/index.php?rest_route=%2Fwp%2Fv2%2Fcomments&post=14"}],"version-history":[{"count":1,"href":"https:\/\/fv-aktivschule-erfurt.de\/index.php?rest_route=\/wp\/v2\/pages\/14\/revisions"}],"predecessor-version":[{"id":15,"href":"https:\/\/fv-aktivschule-erfurt.de\/index.php?rest_route=\/wp\/v2\/pages\/14\/revisions\/15"}],"wp:attachment":[{"href":"https:\/\/fv-aktivschule-erfurt.de\/index.php?rest_route=%2Fwp%2Fv2%2Fmedia&parent=14"}],"curies":[{"name":"wp","href":"https:\/\/api.w.org\/{rel}","templated":true}]}}